{"id":205,"date":"2016-02-29T12:43:53","date_gmt":"2016-02-29T12:43:53","guid":{"rendered":"http:\/\/www.byzancenord.com\/?page_id=205"},"modified":"2019-03-27T08:51:16","modified_gmt":"2019-03-27T08:51:16","slug":"faire-un-don","status":"publish","type":"page","link":"http:\/\/www.byzancenord.com\/index.php\/faire-un-don\/","title":{"rendered":"Boutique"},"content":{"rendered":"<p>Vous voulez soutenir Byzance Nord ?! C&rsquo;est possible. Vous pouvez commander le TOUR de COU avec notre logo en forme de Rose des vents. Id\u00e9al pour se prot\u00e9ger du vent, justement, ou bien d&rsquo;un fumig\u00e8ne intempestif.<\/p>\n<p>Notre EP Bien \u00e0 l&rsquo;Ouest est \u00e9galement disponible&#8230;<\/p>\n<table style=\"height: 62px;\" width=\"394\">\n<tbody>\n<tr style=\"height: 133.6px;\">\n<td style=\"width: 189px; height: 133.6px;\"><img decoding=\"async\" loading=\"lazy\" class=\"alignnone wp-image-577 size-thumbnail\" src=\"http:\/\/www.byzancenord.com\/wp-content\/uploads\/2019\/03\/tour_de_cou-150x150.png\" alt=\"Tour de cou\" width=\"150\" height=\"150\" srcset=\"https:\/\/byzancenord.com\/wp-content\/uploads\/2019\/03\/tour_de_cou-150x150.png 150w, https:\/\/byzancenord.com\/wp-content\/uploads\/2019\/03\/tour_de_cou-80x80.png 80w\" sizes=\"(max-width: 150px) 100vw, 150px\" \/><\/td>\n<td style=\"width: 189px; height: 133.6px; text-align: center;\"><a href=\"http:\/\/www.byzancenord.com\/index.php\/catalog\/tour-de-cou\/\">Tour de cou<br \/>\n<\/a><\/td>\n<td style=\"width: 189px; height: 133.6px;\">7 \u20acttc<\/td>\n<\/tr>\n<tr style=\"height: 24px;\">\n<td style=\"width: 189px; height: 24px;\"><img decoding=\"async\" loading=\"lazy\" class=\"alignnone wp-image-584 size-thumbnail\" src=\"http:\/\/www.byzancenord.com\/wp-content\/uploads\/2019\/03\/export-disque-150x150.png\" alt=\"\" width=\"150\" height=\"150\" srcset=\"https:\/\/byzancenord.com\/wp-content\/uploads\/2019\/03\/export-disque-150x150.png 150w, https:\/\/byzancenord.com\/wp-content\/uploads\/2019\/03\/export-disque-300x300.png 300w, https:\/\/byzancenord.com\/wp-content\/uploads\/2019\/03\/export-disque-1024x1024.png 1024w, https:\/\/byzancenord.com\/wp-content\/uploads\/2019\/03\/export-disque-270x270.png 270w, https:\/\/byzancenord.com\/wp-content\/uploads\/2019\/03\/export-disque-80x80.png 80w, https:\/\/byzancenord.com\/wp-content\/uploads\/2019\/03\/export-disque-330x330.png 330w, https:\/\/byzancenord.com\/wp-content\/uploads\/2019\/03\/export-disque-520x520.png 520w, https:\/\/byzancenord.com\/wp-content\/uploads\/2019\/03\/export-disque.png 1382w\" sizes=\"(max-width: 150px) 100vw, 150px\" \/><\/td>\n<td style=\"width: 189px; height: 24px; text-align: center;\"><a href=\"http:\/\/www.byzancenord.com\/index.php\/catalog\/ep-bien-a-louest\/\">EP Bien \u00e0 l&rsquo;Ouest<\/a><\/td>\n<td style=\"width: 189px; height: 24px;\">5 \u20acttc<\/td>\n<\/tr>\n<\/tbody>\n<\/table>\n<p>Frais de port \u00e0 partir de 5\u20ac.<\/p>\n<p>Merci\u00a0 !<\/p>\n<p>&nbsp;<\/p>\n<p>&nbsp;<\/p>\n","protected":false},"excerpt":{"rendered":"<p>Vous voulez soutenir Byzance Nord ?! C&rsquo;est possible. Vous pouvez&#8230;<\/p>\n","protected":false},"author":1,"featured_media":0,"parent":0,"menu_order":0,"comment_status":"closed","ping_status":"closed","template":"","meta":[],"_links":{"self":[{"href":"http:\/\/www.byzancenord.com\/index.php\/wp-json\/wp\/v2\/pages\/205"}],"collection":[{"href":"http:\/\/www.byzancenord.com\/index.php\/wp-json\/wp\/v2\/pages"}],"about":[{"href":"http:\/\/www.byzancenord.com\/index.php\/wp-json\/wp\/v2\/types\/page"}],"author":[{"embeddable":true,"href":"http:\/\/www.byzancenord.com\/index.php\/wp-json\/wp\/v2\/users\/1"}],"replies":[{"embeddable":true,"href":"http:\/\/www.byzancenord.com\/index.php\/wp-json\/wp\/v2\/comments?post=205"}],"version-history":[{"count":12,"href":"http:\/\/www.byzancenord.com\/index.php\/wp-json\/wp\/v2\/pages\/205\/revisions"}],"predecessor-version":[{"id":600,"href":"http:\/\/www.byzancenord.com\/index.php\/wp-json\/wp\/v2\/pages\/205\/revisions\/600"}],"wp:attachment":[{"href":"http:\/\/www.byzancenord.com\/index.php\/wp-json\/wp\/v2\/media?parent=205"}],"curies":[{"name":"wp","href":"https:\/\/api.w.org\/{rel}","templated":true}]}}