{"id":85,"date":"2015-09-26T20:02:02","date_gmt":"2015-09-26T20:02:02","guid":{"rendered":"http:\/\/www.byzancenord.com\/?page_id=85"},"modified":"2024-10-21T09:50:01","modified_gmt":"2024-10-21T09:50:01","slug":"live","status":"publish","type":"page","link":"http:\/\/www.byzancenord.com\/index.php\/live\/","title":{"rendered":"Live !"},"content":{"rendered":"<h6 style=\"text-align: center;\"><span style=\"color: #800000;\"><strong>PROCHAINS CONCERTS<\/strong><\/span><\/h6>\n<pre class=\"western\">2024<\/pre>\n<ul>\n<li>6 octobre 21h : La G\u00e9n\u00e9rale, 39, rue Gassendi (14e)<\/li>\n<\/ul>\n<pre class=\"western\">2023<\/pre>\n<ul>\n<li>6 octobre : La Camilienne<\/li>\n<li>31 mars : chez Charlie et sa bi\u00e8re \u00e0 deux balles !<\/li>\n<\/ul>\n<pre class=\"western\">2022<\/pre>\n<ul>\n<li>2 avril : gros concert priv\u00e9 pour le d\u00e9part de Keep pour son tour de France&#8230;<\/li>\n<li>12 f\u00e9vrier : concert clandestin pour le Ktarnaval<\/li>\n<\/ul>\n<pre class=\"western\">2021<\/pre>\n<ul>\n<li>3 d\u00e9cembre \u00e0 l&rsquo;Etoile de Charonne<\/li>\n<li>22 octobre : aux 2 Marches<\/li>\n<li>13 f\u00e9vrier\u00a0 :\u00a0 au P\u00f4le Musical d&rsquo;Orgemont (Epinay\/seine)<\/li>\n<\/ul>\n<p style=\"text-align: center;\"><span style=\"color: #ffffff;\"><strong>\u00a0<\/strong><\/span><\/p>\n<pre>2020<\/pre>\n<ul>\n<li>1er f\u00e9vrier\u00a0 : \u00e0 P&rsquo;tite Cri\u00e9e (Pr\u00e9 Saint Gervais)<\/li>\n<\/ul>\n<pre>2019<\/pre>\n<ul>\n<li>14 juin\u00a0 : \u00e0 la Moquette<\/li>\n<li>7 mai : concert souterrain !<\/li>\n<li>12 avril : au Klub\u00a0 (Paris 1er)<\/li>\n<\/ul>\n<p>&nbsp;<\/p>\n<pre>2018<\/pre>\n<ul>\n<li>9 novembre : aux Deux Marches (20e)<\/li>\n<li>6 octobre : concert priv\u00e9 \u00e0 Paris VIIe<\/li>\n<li>21 juillet \u00e0 la Guinguette Javelle (Paris)<\/li>\n<li>23 f\u00e9vrier \u00e0 la R\u00e9sidence (Bagnolet)<\/li>\n<li>2 f\u00e9vrier : Concert souterrain<\/li>\n<\/ul>\n<pre>2017<\/pre>\n<ul>\n<li>8 d\u00e9cembre : Expo B&rsquo;Honneur (Saint-Denis)<\/li>\n<li>2 d\u00e9cembre : Concert priv\u00e9 (Paris 7e)<\/li>\n<li>14 octobre : aux Deux Marches (20e)<\/li>\n<li>23 septembre : pour le collectif <em>La vie L\u00e0<\/em><\/li>\n<li>3 et 4 juin : Festival \u00ab\u00a0La Chouille des Moulins\u00a0\u00bb<\/li>\n<li>6 mai : Espace Oppidum, Interstice 2<\/li>\n<li>9 f\u00e9vrier :\u00a0 aux Petites Gouttes (18e)<\/li>\n<\/ul>\n<pre>2016<\/pre>\n<ul>\n<li>10 d\u00e9cembre : concert clandestin dans les Catacombes<\/li>\n<li>24 novembre aux Petites Gouttes (18e)<\/li>\n<li>9 septembre aux 2 marches (Paris 20e)<\/li>\n<li>24 juin, aux 2 marches (Paris 20e)<\/li>\n<li>21 juin, \u00e0 Mon Caf\u00e9 (Paris 11e)<\/li>\n<li>5 juin, \u00e0 la f\u00eate du Mail (Paris 18e)<\/li>\n<li>15 avril, au Quartier G\u00e9n\u00e9ral, Paris 11e<\/li>\n<li>12 mars, concert priv\u00e9 \u00e0 Montreuil<\/li>\n<li>28 janvier, aux Chansonniers, \u00e0 M\u00e9nilmontant<\/li>\n<li>9 janvier, concert priv\u00e9 \u00e0 Montreuil<\/li>\n<\/ul>\n<pre>2015<\/pre>\n<ul>\n<li>5 d\u00e9cembre, \u00e0 la Bricole, Paris 18e<\/li>\n<li>7 novembre, \u00e0 la Bricole, Paris 18e<\/li>\n<li>23 octobre, au Tempo, Paris 17e<\/li>\n<li>21 juin, f\u00eate de la musique, avec <a href=\"http:\/\/www.pikore.com\/l.argenterie\">les bijoux de Kino<\/a> sur la butte aux Cailles<\/li>\n<li>20 juin, concert priv\u00e9, Paris 18e<\/li>\n<li>19 juin, au bistot Mon Caf\u00e9 (Paris 12e)<\/li>\n<li>25 avril, \u00e0 La Bricole (Paris 18e)<\/li>\n<li>14 mars, concert priv\u00e9 \u00e0 Montreuil<\/li>\n<\/ul>\n","protected":false},"excerpt":{"rendered":"<p>PROCHAINS CONCERTS 2024 6 octobre 21h : La G\u00e9n\u00e9rale, 39,&#8230;<\/p>\n","protected":false},"author":1,"featured_media":0,"parent":0,"menu_order":0,"comment_status":"closed","ping_status":"closed","template":"","meta":[],"_links":{"self":[{"href":"http:\/\/www.byzancenord.com\/index.php\/wp-json\/wp\/v2\/pages\/85"}],"collection":[{"href":"http:\/\/www.byzancenord.com\/index.php\/wp-json\/wp\/v2\/pages"}],"about":[{"href":"http:\/\/www.byzancenord.com\/index.php\/wp-json\/wp\/v2\/types\/page"}],"author":[{"embeddable":true,"href":"http:\/\/www.byzancenord.com\/index.php\/wp-json\/wp\/v2\/users\/1"}],"replies":[{"embeddable":true,"href":"http:\/\/www.byzancenord.com\/index.php\/wp-json\/wp\/v2\/comments?post=85"}],"version-history":[{"count":109,"href":"http:\/\/www.byzancenord.com\/index.php\/wp-json\/wp\/v2\/pages\/85\/revisions"}],"predecessor-version":[{"id":755,"href":"http:\/\/www.byzancenord.com\/index.php\/wp-json\/wp\/v2\/pages\/85\/revisions\/755"}],"wp:attachment":[{"href":"http:\/\/www.byzancenord.com\/index.php\/wp-json\/wp\/v2\/media?parent=85"}],"curies":[{"name":"wp","href":"https:\/\/api.w.org\/{rel}","templated":true}]}}